{"id":1011,"date":"2025-07-23T20:15:56","date_gmt":"2025-07-23T18:15:56","guid":{"rendered":"https:\/\/skalapasji.pl\/?page_id=1011"},"modified":"2025-09-23T16:08:31","modified_gmt":"2025-09-23T14:08:31","slug":"festiwal-muzyki-improwizowanej","status":"publish","type":"page","link":"http:\/\/skalapasji.pl\/?page_id=1011","title":{"rendered":"HISTORIA  FESTIWALU"},"content":{"rendered":"<p>[vc_row css_animation=&#8221;&#8221; row_type=&#8221;row&#8221; use_row_as_full_screen_section=&#8221;no&#8221; type=&#8221;full_width&#8221; angled_section=&#8221;no&#8221; text_align=&#8221;left&#8221; background_image_as_pattern=&#8221;without_pattern&#8221; z_index=&#8221;&#8221;][vc_column][rev_slider_vc alias=&#8221;slider-1&#8243;][\/vc_column][\/vc_row][vc_row css_animation=&#8221;&#8221; row_type=&#8221;row&#8221; use_row_as_full_screen_section=&#8221;no&#8221; type=&#8221;grid&#8221; angled_section=&#8221;no&#8221; text_align=&#8221;center&#8221; background_image_as_pattern=&#8221;without_pattern&#8221; padding_bottom=&#8221;157&#8243; z_index=&#8221;&#8221; css=&#8221;.vc_custom_1522240794992{background-image: url(http:\/\/bridge204.qodeinteractive.com\/wp-content\/uploads\/2018\/03\/home-background-2-1.png?id=173) !important;background-position: center !important;background-repeat: no-repeat !important;background-size: cover !important;}&#8221;][vc_column][qode_elements_holder number_of_columns=&#8221;one_column&#8221;][qode_elements_holder_item advanced_animations=&#8221;no&#8221; item_padding=&#8221;0 18% 0 18%&#8221; item_padding_1280_1440=&#8221;70px 18% 0 18%&#8221; item_padding_600_768=&#8221;0 3% 0 3%&#8221; item_padding_480_600=&#8221;0 3% 0 3%&#8221; item_padding_480=&#8221;0 3% 0 3%&#8221;][vc_column_text]<\/p>\n<h3>&#8230;<\/h3>\n<p>[\/vc_column_text][vc_column_text]<\/p>\n<h1>FESTIWAL MUZYKI IMPROWIZOWANEJ<\/h1>\n<p>[\/vc_column_text][vc_separator type=&#8221;small&#8221; position=&#8221;center&#8221; color=&#8221;#88714d&#8221; transparency=&#8221;1&#8243; thickness=&#8221;4&#8243; width=&#8221;56&#8243; up=&#8221;23&#8243; down=&#8221;64&#8243;][vc_column_text]Festiwal Muzyki Improwizowanej to projekt realizowany od 2012<br \/>\nw Pa\u0144stwowej Szkole Muzycznej I stopnia w Krzeszowicach, znany wcze\u015bniej pod nazw\u0105<br \/>\nMi\u0119dzynarodowe Integracje Jazzowe.<br \/>\nZapraszamy wszystkich, kt\u00f3rzy chc\u0105 poszerzy\u0107 swoj\u0105 wiedz\u0119 na temat jazzu, bluesa \u00a0i muzyki improwizowanej,<br \/>\nspotka\u0107 si\u0119 ze znakomitymi artystami-instruktorami oraz uczestniczy\u0107 w ciekawych wydarzeniach kulturalnych.[\/vc_column_text][vc_empty_space height=&#8221;56px&#8221;]<a  itemprop=\"url\" href=\"http:\/\/skalapasji.pl\/?page_id=119\" target=\"_self\"  class=\"qbutton  default\" style=\"\">Czytaj dalej<\/a>[\/qode_elements_holder_item][\/qode_elements_holder][\/vc_column][\/vc_row][vc_row css_animation=&#8221;&#8221; row_type=&#8221;row&#8221; use_row_as_full_screen_section=&#8221;no&#8221; type=&#8221;full_width&#8221; angled_section=&#8221;no&#8221; text_align=&#8221;left&#8221; background_image_as_pattern=&#8221;without_pattern&#8221; padding_top=&#8221;36&#8243; z_index=&#8221;&#8221;][vc_column][qode_elements_holder number_of_columns=&#8221;one_column&#8221;][qode_elements_holder_item advanced_animations=&#8221;no&#8221; item_padding=&#8221;0 0 0 0&#8243; item_padding_1280_1440=&#8221;0 110px 0 110px&#8221; item_padding_1024_1280=&#8221;0 67px 0 67px&#8221; item_padding_768_1024=&#8221;0 15px 0 15px&#8221; item_padding_600_768=&#8221;0 60px 0 60px&#8221; item_padding_480_600=&#8221;0 10px 0 10px&#8221; item_padding_480=&#8221;0 10px 0 10px&#8221;][vc_single_image image=&#8221;224&#8243; img_size=&#8221;full&#8221; alignment=&#8221;center&#8221; qode_css_animation=&#8221;&#8221;][\/qode_elements_holder_item][\/qode_elements_holder][\/vc_column][\/vc_row][vc_row css_animation=&#8221;&#8221; row_type=&#8221;row&#8221; use_row_as_full_screen_section=&#8221;no&#8221; type=&#8221;grid&#8221; angled_section=&#8221;no&#8221; text_align=&#8221;left&#8221; background_image_as_pattern=&#8221;without_pattern&#8221; z_index=&#8221;&#8221;][vc_column][vc_row_inner row_type=&#8221;row&#8221; type=&#8221;full_width&#8221; text_align=&#8221;left&#8221; css_animation=&#8221;&#8221; css=&#8221;.vc_custom_1522157667527{background-color: #0f0f0f !important;}&#8221;][vc_column_inner width=&#8221;5\/6&#8243; offset=&#8221;vc_col-md-5&#8243;][\/vc_column_inner][vc_column_inner width=&#8221;1\/6&#8243; offset=&#8221;vc_col-md-7&#8243;][qode_elements_holder number_of_columns=&#8221;one_column&#8221;][qode_elements_holder_item advanced_animations=&#8221;no&#8221; item_padding=&#8221;26px 114px 131px 54px&#8221; item_padding_768_1024=&#8221;76px 27px 86px 54px&#8221; item_padding_600_768=&#8221;76px 27px 162px 54px&#8221; item_padding_480_600=&#8221;76px 1px 131px 1px&#8221; item_padding_480=&#8221;76px 1px 131px 1px&#8221;][vc_column_text]<\/p>\n<h3>FESTIWAL PE\u0141EN<\/h3>\n<p>[\/vc_column_text][vc_column_text]<\/p>\n<h1>GWIAZD<\/h1>\n<p>[\/vc_column_text][vc_separator type=&#8221;small&#8221; position=&#8221;left&#8221; color=&#8221;#88714d&#8221; transparency=&#8221;1&#8243; thickness=&#8221;4&#8243; width=&#8221;56&#8243; up=&#8221;28&#8243; down=&#8221;62&#8243;][vc_column_text]Podczas dziesi\u0119ciu edycji festiwalu go\u015bcili\u015bmy wielu znakomitych artyst\u00f3w:<\/p>\n<p><strong><br \/>\nSaksofon<br \/>\n<\/strong>Jerzy G\u0142\u00f3wczewski, \u00a0Maciej Sika\u0142a, Adam Wendt, Marcin Kaletka, Tomasz Licak, Leszek Nowotarski<\/p>\n<p><strong>Tr\u0105bka<br \/>\n<\/strong>Piotr Wojtasik, Maciej Fortuna, Jerzy Ma\u0142ek,\u00a0 Piotr Schmidt, Pawe\u0142 Palcowski<\/p>\n<p><strong>Fortepian<br \/>\n<\/strong>Bogdan Ho\u0142ownia, Piotr Kalicki, \u00a0Micha\u0142 Wierba,\u00a0 Mateusz Pa\u0142ka<\/p>\n<p><strong>Gitara<br \/>\n<\/strong>Piotr Domaga\u0142a, Przemek Str\u0105czek, Kajetan Drozd,<\/p>\n<p><strong>Perkusja<br \/>\n<\/strong>Frank Parker, Ryszard Pa\u0142ka, Wiktoria Jakubowska<\/p>\n<p><strong>Wokal<br \/>\n<\/strong>Janusz Szrom, Ewa Niewdana Hady,\u00a0 Kaja Karaplios, Karolina Leszko[\/vc_column_text][vc_empty_space]<a  itemprop=\"url\" href=\"http:\/\/skalapasji.pl\/?page_id=138\" target=\"_self\"  class=\"qbutton  default\" style=\"\">Zobacz wszystkich artyst\u00f3w<\/a>[\/qode_elements_holder_item][\/qode_elements_holder][\/vc_column_inner][\/vc_row_inner][vc_row_inner row_type=&#8221;row&#8221; type=&#8221;full_width&#8221; text_align=&#8221;left&#8221; css_animation=&#8221;&#8221;][vc_column_inner offset=&#8221;vc_col-md-6&#8243;][qode_elements_holder number_of_columns=&#8221;one_column&#8221;][qode_elements_holder_item advanced_animations=&#8221;no&#8221; item_padding=&#8221;0 0 0 0&#8243; item_padding_768_1024=&#8221;60px 0 0 0&#8243; item_padding_600_768=&#8221;533px 0 0 0&#8243; item_padding_480_600=&#8221;551px 0 0 0&#8243; item_padding_480=&#8221;551px 0 0 0&#8243;][vc_separator type=&#8221;transparent&#8221; up=&#8221;-659&#8243;][vc_single_image image=&#8221;311&#8243; img_size=&#8221;full&#8221; alignment=&#8221;center&#8221; style=&#8221;vc_box_shadow_3d&#8221; qode_css_animation=&#8221;&#8221;][\/qode_elements_holder_item][\/qode_elements_holder][\/vc_column_inner][\/vc_row_inner][\/vc_column][\/vc_row][vc_row css_animation=&#8221;&#8221; row_type=&#8221;row&#8221; use_row_as_full_screen_section=&#8221;no&#8221; type=&#8221;grid&#8221; angled_section=&#8221;no&#8221; text_align=&#8221;center&#8221; background_image_as_pattern=&#8221;without_pattern&#8221; padding_top=&#8221;136&#8243; padding_bottom=&#8221;40&#8243; css=&#8221;.vc_custom_1522241044442{background-image: url(http:\/\/bridge204.qodeinteractive.com\/wp-content\/uploads\/2018\/03\/home-background-3-4.png?id=177) !important;background-position: center !important;background-repeat: no-repeat !important;background-size: cover !important;}&#8221; z_index=&#8221;&#8221;][vc_column][vc_separator type=&#8221;small&#8221; position=&#8221;center&#8221; color=&#8221;#88714d&#8221; transparency=&#8221;1&#8243; thickness=&#8221;4&#8243; width=&#8221;56&#8243; up=&#8221;10&#8243; down=&#8221;10&#8243;][\/vc_column][\/vc_row][vc_row css_animation=&#8221;&#8221; row_type=&#8221;row&#8221; use_row_as_full_screen_section=&#8221;no&#8221; type=&#8221;full_width&#8221; angled_section=&#8221;no&#8221; text_align=&#8221;left&#8221; background_image_as_pattern=&#8221;without_pattern&#8221;][vc_column][vc_empty_space][vc_column_text]<\/p>\n<h3 style=\"text-align: center;\"><\/h3>\n<p style=\"text-align: left;\">Festiwal Muzyki Improwizowanej to projekt realizowany w Pa\u0144stwowej Szkole Muzycznej I stopnia w Krzeszowicach, pod r\u00f3\u017cnymi nazwami, od 2012 r. (Big-band workshop, Mi\u0119dzynarodowe Integracje Jazzowe, Krzeszowickie Integracje Jazzowe, Festiwal Muzyki Improwizowanej).<\/p>\n<p style=\"text-align: left;\">Pomys\u0142odawcami tego przedsi\u0119wzi\u0119cia \u00a0byli: Magdalena Suru\u0142o absolwentka PSM I st. w Krzeszowicach i Jerzy Suru\u0142o obecnie dyrektor szko\u0142y. \u00a0Do zorganizowania pierwszej i drugiej edycji pomys\u0142odawcy zaprosili najstarsze stowarzyszenie\u00a0 jazzowe w Polsce \u201e\u015al\u0105ski Jazz Club\u201d z siedzib\u0105 w Gliwicach z \u00f3wczesnym prezesem Miros\u0142awem Rakowskim i Danielem Ryciakiem &#8211; obecnym prezesem stowarzyszenia.<\/p>\n<p>&nbsp;<\/p>\n<p style=\"text-align: left;\">Spotkania z muzyk\u0105 improwizowan\u0105 okaza\u0142y si\u0119 du\u017cym sukcesem artystycznym i pedagogicznym. Widz\u0105c du\u017ce zainteresowanie uczestnik\u00f3w zaj\u0119ciami warsztatowymi, spotkaniami w formie jam session i organizowanymi koncertami, rodzinny duet Magdaleny i Jerzego Suru\u0142o postanowi\u0142 kontynuowa\u0107 te edukacyjno-kulturalne spotkania. Do trzeciej edycji zaproszono Towarzystwo Muzyczne w Krakowie.<\/p>\n<p>&nbsp;<\/p>\n<p style=\"text-align: left;\">W roku 2015 \u00a0nawi\u0105zano wsp\u00f3\u0142prac\u0119 z pa\u0144stwem Katarzyn\u0105 i Piotrem Su\u0142kowskimi oraz Mariuszem Kominiakiem prezesem stowarzyszenia \u00a0\u201ePokochajmy muzyk\u0119\u201d . Nowa energia, nowe pomys\u0142y sprawi\u0142y, \u017ce ta ekipa ju\u017c po raz 7 organizuje festiwal. G\u0142\u00f3wnym miejscem wydarzenia jest \u00a0osadzona na skraju zabytkowego parku potockich szko\u0142a muzyczna. Festiwal Muzyki Improwizowanej impreza kulturalna o bogatej tradycji i wyczekiwana przez mieszka\u0144c\u00f3w.<\/p>\n<p>&nbsp;<\/p>\n<p style=\"text-align: left;\">Udzia\u0142 w koncertach i warsztatach jest bezp\u0142atny. Organizatorzy zapraszaj\u0105 wszystkich, kt\u00f3rzy chc\u0105 poszerzy\u0107 swoj\u0105 wiedz\u0119 na temat jazzu, bluesa \u00a0i muzyki improwizowanej, spotka\u0107 si\u0119 ze znakomitymi artystami-instruktorami lub uczestniczy\u0107 w ciekawych wydarzeniach kulturalnych na wysokim poziomie.<\/p>\n<p style=\"text-align: left;\">Organizatorzy: PSM Krzeszowice &#8211; Pa\u0144stwowa Szko\u0142a Muzyczna I st. w Krzeszowicach oraz fundacja \u201eSkala Pasji\u201d<\/p>\n<p>[\/vc_column_text][vc_empty_space height=&#8221;52px&#8221;][\/vc_column][\/vc_row][vc_row css_animation=&#8221;&#8221; row_type=&#8221;row&#8221; use_row_as_full_screen_section=&#8221;no&#8221; type=&#8221;full_width&#8221; angled_section=&#8221;no&#8221; text_align=&#8221;left&#8221; background_image_as_pattern=&#8221;without_pattern&#8221;][vc_column width=&#8221;2\/3&#8243;][vc_column_text]<\/p>\n<h6 style=\"text-align: right;\"><span style=\"color: #ff9900;\">Wywiad z Panem Jerzy Suru\u0142o, wsp\u00f3\u0142tw\u00f3rc\u0105 festiwalu. <\/span><br \/>\n<span style=\"color: #ff9900;\">Wywiad pochodzi z listopadowego wydania Magazynu Krzeszowickiego.<\/span><\/h6>\n<p style=\"text-align: right;\">[PDF, 0.1 MB]<\/p>\n<p>[\/vc_column_text][\/vc_column][vc_column width=&#8221;1\/3&#8243;]<a  itemprop=\"url\" href=\"http:\/\/skalapasji.pl\/wp-content\/uploads\/2024\/12\/Festiwal-Muzyki-Improwizowanej-wywiad-Jerzy-Surulo.pdf\" target=\"_blank\"  class=\"qbutton  default\" style=\"\">Pobierz<\/a>[\/vc_column][\/vc_row]<\/p>\n","protected":false},"excerpt":{"rendered":"<p>[vc_row css_animation=&#8221;&#8221; row_type=&#8221;row&#8221; use_row_as_full_screen_section=&#8221;no&#8221; type=&#8221;full_width&#8221; angled_section=&#8221;no&#8221; text_align=&#8221;left&#8221; background_image_as_pattern=&#8221;without_pattern&#8221; z_index=&#8221;&#8221;][vc_column][rev_slider_vc alias=&#8221;slider-1&#8243;][\/vc_column][\/vc_row][vc_row css_animation=&#8221;&#8221; row_type=&#8221;row&#8221; use_row_as_full_screen_section=&#8221;no&#8221; type=&#8221;grid&#8221; angled_section=&#8221;no&#8221; text_align=&#8221;center&#8221; background_image_as_pattern=&#8221;without_pattern&#8221; padding_bottom=&#8221;157&#8243; z_index=&#8221;&#8221; css=&#8221;.vc_custom_1522240794992{background-image: url(http:\/\/bridge204.qodeinteractive.com\/wp-content\/uploads\/2018\/03\/home-background-2-1.png?id=173) !important;background-position: center !important;background-repeat: no-repeat !important;background-size: cover !important;}&#8221;][vc_column][qode_elements_holder number_of_columns=&#8221;one_column&#8221;][qode_elements_holder_item advanced_animations=&#8221;no&#8221; item_padding=&#8221;0 18% 0 18%&#8221; item_padding_1280_1440=&#8221;70px 18% 0 18%&#8221; item_padding_600_768=&#8221;0 3% 0 3%&#8221; item_padding_480_600=&#8221;0 3% 0&#8230;<\/p>\n","protected":false},"author":1,"featured_media":0,"parent":0,"menu_order":0,"comment_status":"closed","ping_status":"closed","template":"","meta":{"footnotes":""},"class_list":["post-1011","page","type-page","status-publish","hentry"],"_links":{"self":[{"href":"http:\/\/skalapasji.pl\/index.php?rest_route=\/wp\/v2\/pages\/1011","targetHints":{"allow":["GET"]}}],"collection":[{"href":"http:\/\/skalapasji.pl\/index.php?rest_route=\/wp\/v2\/pages"}],"about":[{"href":"http:\/\/skalapasji.pl\/index.php?rest_route=\/wp\/v2\/types\/page"}],"author":[{"embeddable":true,"href":"http:\/\/skalapasji.pl\/index.php?rest_route=\/wp\/v2\/users\/1"}],"replies":[{"embeddable":true,"href":"http:\/\/skalapasji.pl\/index.php?rest_route=%2Fwp%2Fv2%2Fcomments&post=1011"}],"version-history":[{"count":11,"href":"http:\/\/skalapasji.pl\/index.php?rest_route=\/wp\/v2\/pages\/1011\/revisions"}],"predecessor-version":[{"id":1044,"href":"http:\/\/skalapasji.pl\/index.php?rest_route=\/wp\/v2\/pages\/1011\/revisions\/1044"}],"wp:attachment":[{"href":"http:\/\/skalapasji.pl\/index.php?rest_route=%2Fwp%2Fv2%2Fmedia&parent=1011"}],"curies":[{"name":"wp","href":"https:\/\/api.w.org\/{rel}","templated":true}]}}