{"id":1024,"date":"2025-09-23T14:17:06","date_gmt":"2025-09-23T12:17:06","guid":{"rendered":"https:\/\/skalapasji.pl\/?page_id=1024"},"modified":"2026-02-12T19:54:58","modified_gmt":"2026-02-12T18:54:58","slug":"orkiestra-deta-skala-pasji","status":"publish","type":"page","link":"http:\/\/skalapasji.pl\/?page_id=1024","title":{"rendered":"Orkiestra D\u0119ta Skala Pasji"},"content":{"rendered":"<p>[vc_row css_animation=&#8221;&#8221; row_type=&#8221;row&#8221; use_row_as_full_screen_section=&#8221;no&#8221; type=&#8221;grid&#8221; angled_section=&#8221;no&#8221; text_align=&#8221;center&#8221; background_image_as_pattern=&#8221;without_pattern&#8221; padding_bottom=&#8221;28&#8243; z_index=&#8221;&#8221; el_class=&#8221;qode-video-row&#8221; css=&#8221;.vc_custom_1522241574028{background-image: url(http:\/\/bridge204.qodeinteractive.com\/wp-content\/uploads\/2018\/03\/about-background-2-2.png?id=183) !important;background-position: center !important;background-repeat: no-repeat !important;background-size: cover !important;}&#8221;][vc_column css=&#8221;.vc_custom_1522233677636{margin-top: -3% !important;}&#8221;][qode_elements_holder number_of_columns=&#8221;one_column&#8221;][qode_elements_holder_item advanced_animations=&#8221;no&#8221; item_padding=&#8221;0 0 0 0&#8243; item_padding_600_768=&#8221;40px 0 0 0&#8243; item_padding_480_600=&#8221;40px 0 0 0&#8243; item_padding_480=&#8221;40px 0 0 0&#8243;][vc_empty_space height=&#8221;1px&#8221;][\/qode_elements_holder_item][\/qode_elements_holder][vc_empty_space height=&#8221;99px&#8221;][qode_elements_holder number_of_columns=&#8221;one_column&#8221;][qode_elements_holder_item advanced_animations=&#8221;no&#8221; item_padding=&#8221;0 18% 0 18%&#8221; item_padding_600_768=&#8221;0 0% 0 0%&#8221; item_padding_480_600=&#8221;0 0% 0 0%&#8221; item_padding_480=&#8221;0 0% 0 0%&#8221;][vc_empty_space height=&#8221;60 px&#8221;][\/qode_elements_holder_item][\/qode_elements_holder][vc_empty_space height=&#8221;55px&#8221;][\/vc_column][\/vc_row][vc_row css_animation=&#8221;&#8221; row_type=&#8221;row&#8221; use_row_as_full_screen_section=&#8221;no&#8221; type=&#8221;full_width&#8221; angled_section=&#8221;no&#8221; text_align=&#8221;left&#8221; background_image_as_pattern=&#8221;without_pattern&#8221;][vc_column][\/vc_column][\/vc_row][vc_row css_animation=&#8221;&#8221; row_type=&#8221;row&#8221; use_row_as_full_screen_section=&#8221;no&#8221; type=&#8221;grid&#8221; angled_section=&#8221;no&#8221; text_align=&#8221;center&#8221; background_image_as_pattern=&#8221;without_pattern&#8221; padding_bottom=&#8221;28&#8243; z_index=&#8221;&#8221; el_class=&#8221;qode-video-row&#8221; css=&#8221;.vc_custom_1522241574028{background-image: url(http:\/\/bridge204.qodeinteractive.com\/wp-content\/uploads\/2018\/03\/about-background-2-2.png?id=183) !important;background-position: center !important;background-repeat: no-repeat !important;background-size: cover !important;}&#8221;][vc_column css=&#8221;.vc_custom_1522233677636{margin-top: -3% !important;}&#8221;][qode_elements_holder number_of_columns=&#8221;one_column&#8221;][qode_elements_holder_item advanced_animations=&#8221;no&#8221; item_padding=&#8221;0 0 0 0&#8243; item_padding_600_768=&#8221;40px 0 0 0&#8243; item_padding_480_600=&#8221;40px 0 0 0&#8243; item_padding_480=&#8221;40px 0 0 0&#8243;][vc_empty_space height=&#8221;1px&#8221;][\/qode_elements_holder_item][\/qode_elements_holder][vc_empty_space height=&#8221;99px&#8221;][vc_empty_space height=&#8221;55px&#8221;][vc_empty_space height=&#8221;55px&#8221;][vc_empty_space height=&#8221;55px&#8221;][\/vc_column][\/vc_row][vc_row css_animation=&#8221;&#8221; row_type=&#8221;row&#8221; use_row_as_full_screen_section=&#8221;no&#8221; type=&#8221;full_width&#8221; angled_section=&#8221;no&#8221; text_align=&#8221;left&#8221; background_image_as_pattern=&#8221;without_pattern&#8221;][vc_column][vc_empty_space height=&#8221;55px&#8221;][vc_column_text]<\/p>\n<h3 style=\"text-align: center;\"><strong><span style=\"color: #ffcc99;\">Relacje z projektu &#8220;Gramy i Maszerujemy&#8221;:<br \/>\nW Pa\u0144stwowej Szkole Muzycznej w Krzeszowicach<br \/>\nodby\u0142y si\u0119 warsztaty, podczas kt\u00f3rych<br \/>\ndzia\u0142aj\u0105ca przy szkole orkiestra d\u0119ta Skala Pasji<br \/>\npodj\u0119\u0142a nauk\u0119 musztry orkiestrowej.<br \/>\n<\/span><\/strong><\/h3>\n<h3 style=\"text-align: center;\"><a href=\"https:\/\/www.facebook.com\/share\/p\/16NNu5Gm7c\/\">https:\/\/www.facebook.com\/share\/p\/16NNu5Gm7c\/<\/a><\/h3>\n<p>&nbsp;<\/p>\n<h2><\/h2>\n<h2><\/h2>\n<h2 style=\"text-align: center;\"><a href=\"https:\/\/www.facebook.com\/psmkrzeszowice\/posts\/pfbid0oyhPfnsc9EkPRQyQZyRMseUJ97RuUQCzzNDreU829c6adi595hK7YyexufhDxZT5l?rdid=Zl3o0jgaaMqgbOmO#\" target=\"_blank\" rel=\"noopener\">Rel 1<\/a><\/h2>\n<p>&nbsp;<\/p>\n<h2><\/h2>\n<h2><\/h2>\n<h2 style=\"text-align: center;\"><a href=\"https:\/\/www.facebook.com\/psmkrzeszowice\/posts\/pfbid09fANDJGAtoPe1sgD37yr5fxtoi8qP2NAeE9Hfrfcdp7tY9Dw4hotnLxEagNYXG3Bl?rdid=3qjMBr3RbJkPtgLu#\" target=\"_blank\" rel=\"noopener\">Rel 2<\/a><\/h2>\n<p>&nbsp;<\/p>\n<h2><\/h2>\n<h2><\/h2>\n<h2 style=\"text-align: center;\"><a href=\"https:\/\/www.facebook.com\/psmkrzeszowice\/posts\/pfbid02MwRsPsk8Hcsuo2FgimxhHeqeA9JAWyUTpTqK9FyNhzoGbpwq6FqzqZcaZt3ReFJAl?rdid=CzZlUsLaRzdaLiWO#\" target=\"_blank\" rel=\"noopener\">Rel 3<\/a><\/h2>\n<p>&nbsp;<\/p>\n<h2><\/h2>\n<h2 style=\"text-align: center;\"><a href=\"https:\/\/www.facebook.com\/psmkrzeszowice\/posts\/pfbid0DTz6F6LU4HQJEvvrX8k9nMRMExsCVaKv7SoUdNaz6vj5xUxAAEnk7ynjcDM5GXkcl?rdid=L4m6juhRylWWRDB8#\" target=\"_blank\" rel=\"noopener\">Rel 4<\/a><\/h2>\n<p>[\/vc_column_text][vc_empty_space height=&#8221;55px&#8221;][\/vc_column][\/vc_row][vc_row css_animation=&#8221;&#8221; row_type=&#8221;row&#8221; use_row_as_full_screen_section=&#8221;no&#8221; type=&#8221;full_width&#8221; angled_section=&#8221;no&#8221; text_align=&#8221;left&#8221; background_image_as_pattern=&#8221;without_pattern&#8221;][vc_column][vc_empty_space height=&#8221;55px&#8221;][vc_column_text]<\/p>\n<h3 style=\"text-align: center;\"><strong><span style=\"color: #ffcc99;\">Relacje Instagram<br \/>\n<\/span><\/strong><\/h3>\n<p>&nbsp;<\/p>\n<p style=\"text-align: center;\"><a href=\"https:\/\/www.instagram.com\/p\/DPt1LWNDF1z\/?hl=en\" target=\"_blank\" rel=\"noopener\">https:\/\/www.instagram.com\/p\/DPt1LWNDF1z\/?hl=en<\/a><\/p>\n<p>&nbsp;<\/p>\n<p style=\"text-align: center;\"><a href=\"https:\/\/www.instagram.com\/p\/DPlHGjXjFtO\/?hl=en\" target=\"_blank\" rel=\"noopener\">https:\/\/www.instagram.com\/p\/DPlHGjXjFtO\/?hl=en<\/a><\/p>\n<p>&nbsp;<\/p>\n<p style=\"text-align: center;\"><a href=\"https:\/\/www.instagram.com\/p\/DPxyN7cCKux\/?hl=en\" target=\"_blank\" rel=\"noopener\">https:\/\/www.instagram.com\/p\/DPxyN7cCKux\/?hl=en<\/a><\/p>\n<p>&nbsp;<\/p>\n<p style=\"text-align: center;\"><a href=\"https:\/\/www.instagram.com\/p\/DPVsJ0JCKFh\/?hl=en\" target=\"_blank\" rel=\"noopener\">https:\/\/www.instagram.com\/p\/DPVsJ0JCKFh\/?hl=en<\/a><\/p>\n<p>&nbsp;<\/p>\n<p style=\"text-align: center;\"><a href=\"https:\/\/www.instagram.com\/p\/DPOabbTiNJ6\/?hl=en\" target=\"_blank\" rel=\"noopener\">https:\/\/www.instagram.com\/p\/DPOabbTiNJ6\/?hl=en<\/a><\/p>\n<p>&nbsp;<\/p>\n<p style=\"text-align: center;\"><a href=\"https:\/\/www.instagram.com\/p\/DO6FLB5iKaC\/?hl=en\" target=\"_blank\" rel=\"noopener\">https:\/\/www.instagram.com\/p\/DO6FLB5iKaC\/?hl=en<\/a><\/p>\n<p>&nbsp;<\/p>\n<p style=\"text-align: center;\"><a href=\"https:\/\/www.instagram.com\/p\/DRMwOzDjNbA\/?hl=en\" target=\"_blank\" rel=\"noopener\">https:\/\/www.instagram.com\/p\/DRMwOzDjNbA\/?hl=en<\/a><\/p>\n<p>&nbsp;<\/p>\n<p style=\"text-align: center;\"><a href=\"https:\/\/www.instagram.com\/p\/DQ_ZXZTDCcI\/?hl=en\" target=\"_blank\" rel=\"noopener\">https:\/\/www.instagram.com\/p\/DQ_ZXZTDCcI\/?hl=en<\/a><\/p>\n<p>&nbsp;<\/p>\n<p style=\"text-align: center;\"><a href=\"https:\/\/www.instagram.com\/p\/DQ648HCjF6-\/?hl=en\" target=\"_blank\" rel=\"noopener\">https:\/\/www.instagram.com\/p\/DQ648HCjF6-\/?hl=en<\/a><\/p>\n<p>[\/vc_column_text][vc_empty_space height=&#8221;55px&#8221;][\/vc_column][\/vc_row][vc_row css_animation=&#8221;&#8221; row_type=&#8221;row&#8221; use_row_as_full_screen_section=&#8221;no&#8221; type=&#8221;full_width&#8221; angled_section=&#8221;no&#8221; text_align=&#8221;left&#8221; background_image_as_pattern=&#8221;without_pattern&#8221;][vc_column][vc_empty_space height=&#8221;55px&#8221;][vc_column_text]<\/p>\n<h3 style=\"text-align: center;\"><strong><span style=\"color: #ffcc99;\">Plakaty i materia\u0142y medialne<\/span><\/strong><\/h3>\n<p>[\/vc_column_text][vc_empty_space height=&#8221;55px&#8221;][vc_gallery type=&#8221;image_grid&#8221; images=&#8221;1027,1028&#8243; img_size=&#8221;400&#215;400&#8243; column_number=&#8221;4&#8243; grayscale=&#8221;no&#8221; images_space=&#8221;gallery_with_space&#8221;][vc_empty_space height=&#8221;55px&#8221;][vc_empty_space height=&#8221;55px&#8221;][\/vc_column][\/vc_row]<\/p>\n","protected":false},"excerpt":{"rendered":"<p>[vc_row css_animation=&#8221;&#8221; row_type=&#8221;row&#8221; use_row_as_full_screen_section=&#8221;no&#8221; type=&#8221;grid&#8221; angled_section=&#8221;no&#8221; text_align=&#8221;center&#8221; background_image_as_pattern=&#8221;without_pattern&#8221; padding_bottom=&#8221;28&#8243; z_index=&#8221;&#8221; el_class=&#8221;qode-video-row&#8221; css=&#8221;.vc_custom_1522241574028{background-image: url(http:\/\/bridge204.qodeinteractive.com\/wp-content\/uploads\/2018\/03\/about-background-2-2.png?id=183) !important;background-position: center !important;background-repeat: no-repeat !important;background-size: cover !important;}&#8221;][vc_column css=&#8221;.vc_custom_1522233677636{margin-top: -3% !important;}&#8221;][qode_elements_holder number_of_columns=&#8221;one_column&#8221;][qode_elements_holder_item advanced_animations=&#8221;no&#8221; item_padding=&#8221;0 0 0 0&#8243; item_padding_600_768=&#8221;40px 0 0 0&#8243; item_padding_480_600=&#8221;40px 0 0 0&#8243; item_padding_480=&#8221;40px 0 0 0&#8243;][vc_empty_space height=&#8221;1px&#8221;][\/qode_elements_holder_item][\/qode_elements_holder][vc_empty_space height=&#8221;99px&#8221;][qode_elements_holder number_of_columns=&#8221;one_column&#8221;][qode_elements_holder_item advanced_animations=&#8221;no&#8221;&#8230;<\/p>\n","protected":false},"author":1,"featured_media":0,"parent":0,"menu_order":0,"comment_status":"closed","ping_status":"closed","template":"full_width.php","meta":{"footnotes":""},"class_list":["post-1024","page","type-page","status-publish","hentry"],"_links":{"self":[{"href":"http:\/\/skalapasji.pl\/index.php?rest_route=\/wp\/v2\/pages\/1024","targetHints":{"allow":["GET"]}}],"collection":[{"href":"http:\/\/skalapasji.pl\/index.php?rest_route=\/wp\/v2\/pages"}],"about":[{"href":"http:\/\/skalapasji.pl\/index.php?rest_route=\/wp\/v2\/types\/page"}],"author":[{"embeddable":true,"href":"http:\/\/skalapasji.pl\/index.php?rest_route=\/wp\/v2\/users\/1"}],"replies":[{"embeddable":true,"href":"http:\/\/skalapasji.pl\/index.php?rest_route=%2Fwp%2Fv2%2Fcomments&post=1024"}],"version-history":[{"count":18,"href":"http:\/\/skalapasji.pl\/index.php?rest_route=\/wp\/v2\/pages\/1024\/revisions"}],"predecessor-version":[{"id":1099,"href":"http:\/\/skalapasji.pl\/index.php?rest_route=\/wp\/v2\/pages\/1024\/revisions\/1099"}],"wp:attachment":[{"href":"http:\/\/skalapasji.pl\/index.php?rest_route=%2Fwp%2Fv2%2Fmedia&parent=1024"}],"curies":[{"name":"wp","href":"https:\/\/api.w.org\/{rel}","templated":true}]}}