{"id":1101,"date":"2026-03-09T09:30:50","date_gmt":"2026-03-09T08:30:50","guid":{"rendered":"https:\/\/skalapasji.pl\/?page_id=1101"},"modified":"2026-03-09T09:30:50","modified_gmt":"2026-03-09T08:30:50","slug":"edycja-xvii-2025-r","status":"publish","type":"page","link":"http:\/\/skalapasji.pl\/?page_id=1101","title":{"rendered":"Edycja XVII &#8211; 2025 r."},"content":{"rendered":"<p>[vc_row css_animation=&#8221;&#8221; row_type=&#8221;row&#8221; use_row_as_full_screen_section=&#8221;no&#8221; type=&#8221;grid&#8221; angled_section=&#8221;no&#8221; text_align=&#8221;center&#8221; background_image_as_pattern=&#8221;without_pattern&#8221; padding_bottom=&#8221;28&#8243; z_index=&#8221;&#8221; el_class=&#8221;qode-video-row&#8221; css=&#8221;.vc_custom_1522241574028{background-image: url(http:\/\/bridge204.qodeinteractive.com\/wp-content\/uploads\/2018\/03\/about-background-2-2.png?id=183) !important;background-position: center !important;background-repeat: no-repeat !important;background-size: cover !important;}&#8221;][vc_column css=&#8221;.vc_custom_1522233677636{margin-top: -3% !important;}&#8221;][qode_elements_holder number_of_columns=&#8221;one_column&#8221;][qode_elements_holder_item advanced_animations=&#8221;no&#8221; item_padding=&#8221;0 0 0 0&#8243; item_padding_600_768=&#8221;40px 0 0 0&#8243; item_padding_480_600=&#8221;40px 0 0 0&#8243; item_padding_480=&#8221;40px 0 0 0&#8243;][vc_empty_space height=&#8221;1px&#8221;][\/qode_elements_holder_item][\/qode_elements_holder][vc_empty_space height=&#8221;55px&#8221;][\/vc_column][\/vc_row][vc_row css_animation=&#8221;&#8221; row_type=&#8221;row&#8221; use_row_as_full_screen_section=&#8221;no&#8221; type=&#8221;full_width&#8221; angled_section=&#8221;no&#8221; text_align=&#8221;left&#8221; background_image_as_pattern=&#8221;without_pattern&#8221;][vc_column][\/vc_column][\/vc_row][vc_row css_animation=&#8221;&#8221; row_type=&#8221;row&#8221; use_row_as_full_screen_section=&#8221;no&#8221; type=&#8221;grid&#8221; angled_section=&#8221;no&#8221; text_align=&#8221;center&#8221; background_image_as_pattern=&#8221;without_pattern&#8221; padding_bottom=&#8221;28&#8243; z_index=&#8221;&#8221; el_class=&#8221;qode-video-row&#8221; css=&#8221;.vc_custom_1522241574028{background-image: url(http:\/\/bridge204.qodeinteractive.com\/wp-content\/uploads\/2018\/03\/about-background-2-2.png?id=183) !important;background-position: center !important;background-repeat: no-repeat !important;background-size: cover !important;}&#8221;][vc_column css=&#8221;.vc_custom_1522233677636{margin-top: -3% !important;}&#8221;][qode_elements_holder number_of_columns=&#8221;one_column&#8221;][qode_elements_holder_item advanced_animations=&#8221;no&#8221; item_padding=&#8221;0 0 0 0&#8243; item_padding_600_768=&#8221;40px 0 0 0&#8243; item_padding_480_600=&#8221;40px 0 0 0&#8243; item_padding_480=&#8221;40px 0 0 0&#8243;][vc_empty_space height=&#8221;1px&#8221;][\/qode_elements_holder_item][\/qode_elements_holder][vc_empty_space height=&#8221;99px&#8221;][qode_elements_holder number_of_columns=&#8221;one_column&#8221;][qode_elements_holder_item advanced_animations=&#8221;no&#8221; item_padding=&#8221;0 18% 0 18%&#8221; item_padding_600_768=&#8221;0 0% 0 0%&#8221; item_padding_480_600=&#8221;0 0% 0 0%&#8221; item_padding_480=&#8221;0 0% 0 0%&#8221;][vc_column_text]<\/p>\n<h3 style=\"text-align: center;\">XVII KONKURS MUZYKI POPULARNEJ I ROZRYWKOWEJ<br \/>\nMam pasj\u0119<\/h3>\n<p style=\"text-align: left;\">Fundacja Skala Pasji oraz Pa\u0144stwowa Szko\u0142a Muzyczna I st. im. Zygmunta Noskowskiego w Krzeszowicach serdecznie zaprasza do udzia\u0142u w bezp\u0142atnym XVII Konkursie Muzyki Popularnej i Rozrywkowej Mam pasj\u0119. Przes\u0142uchania konkursowe odb\u0119d\u0105 si\u0119 w trzech kategoriach: kat. I Instrumentalna, kat. II wokalna, kat. III zespo\u0142owa (kameralna). Nie obowi\u0105zuje limit wieku. Konkurs przeznaczony jest dla nieprofesjonalnych artyst\u00f3w.<\/p>\n<p>&nbsp;<\/p>\n<h2 style=\"text-align: center;\"><span style=\"color: #ccffff;\"><a style=\"color: #ccffff;\" href=\"http:\/\/skalapasji.pl\/wp-content\/uploads\/2025\/02\/regulamin-XVII-KONKURS-MUZYKI-POPULARNEJ-I-ROZRYWKOWEJ-Aneks.pdf\" target=\"_blank\" rel=\"noopener\">Szczeg\u00f3\u0142owy regulamin wydarzenia<\/a><\/span><\/h2>\n<p>[\/vc_column_text][\/qode_elements_holder_item][\/qode_elements_holder][vc_empty_space height=&#8221;55px&#8221;][vc_empty_space height=&#8221;55px&#8221;][vc_column_text]<\/p>\n<h3 style=\"text-align: center;\">Lista laureat\u00f3w<\/h3>\n<p>&nbsp;<\/p>\n<h4><span style=\"color: #ffffff;\">Kategoria I &#8211; Instrumentalna<\/span><\/h4>\n<p>&nbsp;<\/p>\n<p>I miejsce: Oliwia Skalna<br \/>\nII miejsce: Ma\u0142gorzata Granuzzo<br \/>\nIII miejsce: Dominik \u0141uczy\u0144ski<br \/>\nWyr\u00f3\u017cnienia: Jan Bo\u017c\u0119tka, Micha\u0142 Jaro\u0144, Oliwier Wrona<\/p>\n<p>&nbsp;<\/p>\n<p>&nbsp;<\/p>\n<h4><span style=\"color: #ffffff;\">Kategoria II &#8211; Wokalna<\/span><\/h4>\n<p>&nbsp;<\/p>\n<p>I miejsce: ex aequo Anna Suru\u0142o, Kacper Wandor<br \/>\nII miejsce: Sara D\u0142ugosz<br \/>\nIII miejsce: Ma\u0142gorzata W\u0105sikiewicz<br \/>\nWyr6znienia: Nicola Czarnecka<\/p>\n<p>&nbsp;<\/p>\n<p>&nbsp;<\/p>\n<h4><span style=\"color: #ffffff;\">Kategoria III &#8211; Zespo\u0142y kameralne<\/span><\/h4>\n<p>&nbsp;<\/p>\n<p>I miejsce: Kwartet D\u0119ty w sk\u0142adzie: Kamil Ulatowski, Jan Ga\u0142o\u0144ski,<br \/>\nKrzysztof Sarga, Igor Pi\u0105tek<br \/>\nII miejsce: Duet akordeonowy w sk\u0142adzie Jakub Rys i Aleksander Lysek[\/vc_column_text][vc_empty_space height=&#8221;55px&#8221;][\/vc_column][\/vc_row]<\/p>\n","protected":false},"excerpt":{"rendered":"<p>[vc_row css_animation=&#8221;&#8221; row_type=&#8221;row&#8221; use_row_as_full_screen_section=&#8221;no&#8221; type=&#8221;grid&#8221; angled_section=&#8221;no&#8221; text_align=&#8221;center&#8221; background_image_as_pattern=&#8221;without_pattern&#8221; padding_bottom=&#8221;28&#8243; z_index=&#8221;&#8221; el_class=&#8221;qode-video-row&#8221; css=&#8221;.vc_custom_1522241574028{background-image: url(http:\/\/bridge204.qodeinteractive.com\/wp-content\/uploads\/2018\/03\/about-background-2-2.png?id=183) !important;background-position: center !important;background-repeat: no-repeat !important;background-size: cover !important;}&#8221;][vc_column css=&#8221;.vc_custom_1522233677636{margin-top: -3% !important;}&#8221;][qode_elements_holder number_of_columns=&#8221;one_column&#8221;][qode_elements_holder_item advanced_animations=&#8221;no&#8221; item_padding=&#8221;0 0 0 0&#8243; item_padding_600_768=&#8221;40px 0 0 0&#8243; item_padding_480_600=&#8221;40px 0 0 0&#8243; item_padding_480=&#8221;40px 0 0 0&#8243;][vc_empty_space height=&#8221;1px&#8221;][\/qode_elements_holder_item][\/qode_elements_holder][vc_empty_space height=&#8221;55px&#8221;][\/vc_column][\/vc_row][vc_row css_animation=&#8221;&#8221; row_type=&#8221;row&#8221;&#8230;<\/p>\n","protected":false},"author":1,"featured_media":0,"parent":0,"menu_order":0,"comment_status":"closed","ping_status":"closed","template":"full_width.php","meta":{"footnotes":""},"class_list":["post-1101","page","type-page","status-publish","hentry"],"_links":{"self":[{"href":"http:\/\/skalapasji.pl\/index.php?rest_route=\/wp\/v2\/pages\/1101","targetHints":{"allow":["GET"]}}],"collection":[{"href":"http:\/\/skalapasji.pl\/index.php?rest_route=\/wp\/v2\/pages"}],"about":[{"href":"http:\/\/skalapasji.pl\/index.php?rest_route=\/wp\/v2\/types\/page"}],"author":[{"embeddable":true,"href":"http:\/\/skalapasji.pl\/index.php?rest_route=\/wp\/v2\/users\/1"}],"replies":[{"embeddable":true,"href":"http:\/\/skalapasji.pl\/index.php?rest_route=%2Fwp%2Fv2%2Fcomments&post=1101"}],"version-history":[{"count":1,"href":"http:\/\/skalapasji.pl\/index.php?rest_route=\/wp\/v2\/pages\/1101\/revisions"}],"predecessor-version":[{"id":1102,"href":"http:\/\/skalapasji.pl\/index.php?rest_route=\/wp\/v2\/pages\/1101\/revisions\/1102"}],"wp:attachment":[{"href":"http:\/\/skalapasji.pl\/index.php?rest_route=%2Fwp%2Fv2%2Fmedia&parent=1101"}],"curies":[{"name":"wp","href":"https:\/\/api.w.org\/{rel}","templated":true}]}}