{"id":5,"date":"2018-03-27T12:16:34","date_gmt":"2018-03-27T12:16:34","guid":{"rendered":"http:\/\/bridge204.qodeinteractive.com\/?page_id=5"},"modified":"2026-03-09T12:21:42","modified_gmt":"2026-03-09T11:21:42","slug":"home","status":"publish","type":"page","link":"http:\/\/skalapasji.pl\/","title":{"rendered":"Home"},"content":{"rendered":"<p>[vc_row css_animation=&#8221;&#8221; row_type=&#8221;row&#8221; use_row_as_full_screen_section=&#8221;no&#8221; type=&#8221;full_width&#8221; angled_section=&#8221;no&#8221; text_align=&#8221;left&#8221; background_image_as_pattern=&#8221;without_pattern&#8221; z_index=&#8221;&#8221;][vc_column][rev_slider_vc alias=&#8221;slider-1&#8243;][\/vc_column][\/vc_row][vc_row css_animation=&#8221;&#8221; row_type=&#8221;row&#8221; use_row_as_full_screen_section=&#8221;no&#8221; type=&#8221;grid&#8221; angled_section=&#8221;no&#8221; text_align=&#8221;center&#8221; background_image_as_pattern=&#8221;without_pattern&#8221; padding_bottom=&#8221;157&#8243; z_index=&#8221;&#8221; css=&#8221;.vc_custom_1522240794992{background-image: url(http:\/\/bridge204.qodeinteractive.com\/wp-content\/uploads\/2018\/03\/home-background-2-1.png?id=173) !important;background-position: center !important;background-repeat: no-repeat !important;background-size: cover !important;}&#8221;][vc_column][qode_elements_holder number_of_columns=&#8221;one_column&#8221;][qode_elements_holder_item advanced_animations=&#8221;no&#8221; item_padding=&#8221;0 18% 0 18%&#8221; item_padding_1280_1440=&#8221;70px 18% 0 18%&#8221; item_padding_600_768=&#8221;0 3% 0 3%&#8221; item_padding_480_600=&#8221;0 3% 0 3%&#8221; item_padding_480=&#8221;0 3% 0 3%&#8221;][vc_column_text]<\/p>\n<h3>&#8230;<\/h3>\n<p>[\/vc_column_text][vc_column_text]<\/p>\n<h1>Fundacja Skala Pasji<\/h1>\n<p>[\/vc_column_text][vc_separator type=&#8221;small&#8221; position=&#8221;center&#8221; color=&#8221;#88714d&#8221; transparency=&#8221;1&#8243; thickness=&#8221;4&#8243; width=&#8221;56&#8243; up=&#8221;23&#8243; down=&#8221;64&#8243;][vc_column_text]Fundacja Skala Pasji dzia\u0142a od 20 marca 2023 r. a jej celem jest wspieranie rozwoju kultury muzycznej, edukacji artystycznej oraz inicjatyw spo\u0142ecznych \u2013 zar\u00f3wno na poziomie lokalnym, jak i og\u00f3lnopolskim.[\/vc_column_text][vc_empty_space height=&#8221;56px&#8221;][\/qode_elements_holder_item][\/qode_elements_holder][\/vc_column][\/vc_row][vc_row css_animation=&#8221;&#8221; row_type=&#8221;row&#8221; use_row_as_full_screen_section=&#8221;no&#8221; type=&#8221;full_width&#8221; angled_section=&#8221;no&#8221; text_align=&#8221;left&#8221; background_image_as_pattern=&#8221;without_pattern&#8221; padding_top=&#8221;36&#8243; z_index=&#8221;&#8221;][vc_column][qode_elements_holder number_of_columns=&#8221;one_column&#8221;][qode_elements_holder_item advanced_animations=&#8221;no&#8221; item_padding=&#8221;0 0 0 0&#8243; item_padding_1280_1440=&#8221;0 110px 0 110px&#8221; item_padding_1024_1280=&#8221;0 67px 0 67px&#8221; item_padding_768_1024=&#8221;0 15px 0 15px&#8221; item_padding_600_768=&#8221;0 60px 0 60px&#8221; item_padding_480_600=&#8221;0 10px 0 10px&#8221; item_padding_480=&#8221;0 10px 0 10px&#8221;][vc_single_image image=&#8221;224&#8243; img_size=&#8221;full&#8221; alignment=&#8221;center&#8221; qode_css_animation=&#8221;&#8221;][\/qode_elements_holder_item][\/qode_elements_holder][\/vc_column][\/vc_row][vc_row css_animation=&#8221;&#8221; row_type=&#8221;row&#8221; use_row_as_full_screen_section=&#8221;no&#8221; type=&#8221;grid&#8221; angled_section=&#8221;no&#8221; text_align=&#8221;left&#8221; background_image_as_pattern=&#8221;without_pattern&#8221; z_index=&#8221;&#8221;][vc_column][vc_row_inner row_type=&#8221;row&#8221; type=&#8221;full_width&#8221; text_align=&#8221;left&#8221; css_animation=&#8221;&#8221; css=&#8221;.vc_custom_1522157667527{background-color: #0f0f0f !important;}&#8221;][vc_column_inner width=&#8221;5\/6&#8243; offset=&#8221;vc_col-md-5&#8243;][vc_empty_space height=&#8221;170 px&#8221;][vc_single_image image=&#8221;1019&#8243; img_size=&#8221;full&#8221; qode_css_animation=&#8221;&#8221;][\/vc_column_inner][vc_column_inner width=&#8221;1\/6&#8243; offset=&#8221;vc_col-md-7&#8243;][qode_elements_holder number_of_columns=&#8221;one_column&#8221;][qode_elements_holder_item advanced_animations=&#8221;no&#8221; item_padding=&#8221;26px 114px 131px 54px&#8221; item_padding_768_1024=&#8221;76px 27px 86px 54px&#8221; item_padding_600_768=&#8221;76px 27px 162px 54px&#8221; item_padding_480_600=&#8221;76px 1px 131px 1px&#8221; item_padding_480=&#8221;76px 1px 131px 1px&#8221;][vc_column_text]<\/p>\n<h3>Nasze dzia\u0142ania<\/h3>\n<p>[\/vc_column_text][vc_separator type=&#8221;small&#8221; position=&#8221;left&#8221; color=&#8221;#88714d&#8221; transparency=&#8221;1&#8243; thickness=&#8221;4&#8243; width=&#8221;56&#8243; up=&#8221;28&#8243; down=&#8221;62&#8243;][vc_column_text]<strong>Tworzenie przestrzeni dla muzyki<\/strong><br \/>\nOrganizujemy koncerty, warsztaty, konkursy i inicjatywy integruj\u0105ce \u015brodowiska artystyczne i spo\u0142eczne,<\/p>\n<p>&nbsp;<\/p>\n<p><strong>Edukacja i wsparcie m\u0142odych muzyk\u00f3w<\/strong><br \/>\nPomagamy uczniom i absolwentom Pa\u0144stwowej Szko\u0142y Muzycznej I st. im. Zygmunta Noskowskiego w Krzeszowicach oraz podopiecznym naszej fundacji.<\/p>\n<p>&nbsp;<\/p>\n<p><strong>Dzia\u0142ania prospo\u0142eczne i obywatelskie<\/strong><br \/>\nRealizujemy projekty w obszarach kultury, edukacji, integracji spo\u0142ecznej, ochrony zdrowia oraz wsparcia os\u00f3b starszych.<\/p>\n<p><strong>Nasze projekty:<\/strong><\/p>\n<p>&nbsp;<\/p>\n<p><strong>Orkiestra D\u0119ta Skala Pasji<\/strong><br \/>\nZesp\u00f3\u0142 dzia\u0142aj\u0105cy przy Pa\u0144stwowej Szkole Muzycznej Ist. Im. Z. Noskowskiego w Krzeszowicach, skupiaj\u0105cy muzyk\u00f3w z Krzeszowic i okolic.<\/p>\n<p>&nbsp;<\/p>\n<p><strong>Big Band Skala Pasji<\/strong><br \/>\nProfesjonalna formacja muzyczna, prezentuj\u0105ca najwy\u017cszy poziom artystyczny i promuj\u0105ca muzyk\u0119 jazzow\u0105 i rozrywkow\u0105,<\/p>\n<p>&nbsp;<\/p>\n<p><strong>Ma\u0142opolski Konkurs Muzyki Popularnej i Rozrywkowej \u201eMam Pasj\u0119\u201d<\/strong><br \/>\nPrzestrze\u0144 dla wokalist\u00f3w i instrumentalist\u00f3w, chc\u0105cych podzieli\u0107 si\u0119 swoim talentem,<\/p>\n<p>&nbsp;<\/p>\n<p><strong>Koncerty charytatywne<\/strong><br \/>\nWydarzenia, kt\u00f3re nios\u0105 realn\u0105 pomoc i pokazuj\u0105, \u017ce muzyka mo\u017ce mie\u0107 si\u0142\u0119 zmieniania rzeczywisto\u015bci.[\/vc_column_text][vc_empty_space][vc_column_text]Kto tworzy Fundacj\u0119?<\/p>\n<p>Fundacj\u0119 Skala Pasji tworz\u0105 ludzie z pasj\u0105, do\u015bwiadczeniem i g\u0142\u0119bokim zaanga\u017cowaniem:<\/p>\n<p>Magdalena Suru\u0142o \u2013 Prezes Fundacji<\/p>\n<p>Jerzy Suru\u0142o \u2013 Wiceprezes Fundacji<\/p>\n<p>Jaros\u0142aw Koziewicz \u2013 Przewodnicz\u0105cy Rady Fundacji<\/p>\n<p>\u0141ukasz Salwarowski \u2013 Cz\u0142onek Rady Fundacji<\/p>\n<p>&nbsp;<\/p>\n<p>Nasze cele:<\/p>\n<p>&nbsp;<\/p>\n<p>rozw\u00f3j kultury i edukacji muzycznej,<\/p>\n<p>&nbsp;<\/p>\n<p>wspieranie organizacji pozarz\u0105dowych i dzia\u0142a\u0144 prospo\u0142ecznych,<\/p>\n<p>&nbsp;<\/p>\n<p>przeciwdzia\u0142anie wykluczeniu spo\u0142ecznemu,<\/p>\n<p>&nbsp;<\/p>\n<p>promocja kultury, zdrowia, i integracji mi\u0119dzypokoleniowej.[\/vc_column_text][\/qode_elements_holder_item][\/qode_elements_holder][\/vc_column_inner][\/vc_row_inner][vc_row_inner row_type=&#8221;row&#8221; type=&#8221;full_width&#8221; text_align=&#8221;left&#8221; css_animation=&#8221;&#8221;][vc_column_inner offset=&#8221;vc_col-md-6&#8243;][qode_elements_holder number_of_columns=&#8221;one_column&#8221;][qode_elements_holder_item advanced_animations=&#8221;no&#8221; item_padding=&#8221;0 0 0 0&#8243; item_padding_768_1024=&#8221;60px 0 0 0&#8243; item_padding_600_768=&#8221;533px 0 0 0&#8243; item_padding_480_600=&#8221;551px 0 0 0&#8243; item_padding_480=&#8221;551px 0 0 0&#8243;][vc_separator type=&#8221;transparent&#8221; up=&#8221;-659&#8243;][\/qode_elements_holder_item][\/qode_elements_holder][\/vc_column_inner][\/vc_row_inner][\/vc_column][\/vc_row]<\/p>\n","protected":false},"excerpt":{"rendered":"<p>[vc_row css_animation=&#8221;&#8221; row_type=&#8221;row&#8221; use_row_as_full_screen_section=&#8221;no&#8221; type=&#8221;full_width&#8221; angled_section=&#8221;no&#8221; text_align=&#8221;left&#8221; background_image_as_pattern=&#8221;without_pattern&#8221; z_index=&#8221;&#8221;][vc_column][rev_slider_vc alias=&#8221;slider-1&#8243;][\/vc_column][\/vc_row][vc_row css_animation=&#8221;&#8221; row_type=&#8221;row&#8221; use_row_as_full_screen_section=&#8221;no&#8221; type=&#8221;grid&#8221; angled_section=&#8221;no&#8221; text_align=&#8221;center&#8221; background_image_as_pattern=&#8221;without_pattern&#8221; padding_bottom=&#8221;157&#8243; z_index=&#8221;&#8221; css=&#8221;.vc_custom_1522240794992{background-image: url(http:\/\/bridge204.qodeinteractive.com\/wp-content\/uploads\/2018\/03\/home-background-2-1.png?id=173) !important;background-position: center !important;background-repeat: no-repeat !important;background-size: cover !important;}&#8221;][vc_column][qode_elements_holder number_of_columns=&#8221;one_column&#8221;][qode_elements_holder_item advanced_animations=&#8221;no&#8221; item_padding=&#8221;0 18% 0 18%&#8221; item_padding_1280_1440=&#8221;70px 18% 0 18%&#8221; item_padding_600_768=&#8221;0 3% 0 3%&#8221; item_padding_480_600=&#8221;0 3% 0&#8230;<\/p>\n","protected":false},"author":1,"featured_media":0,"parent":0,"menu_order":0,"comment_status":"closed","ping_status":"closed","template":"","meta":{"footnotes":""},"class_list":["post-5","page","type-page","status-publish","hentry"],"_links":{"self":[{"href":"http:\/\/skalapasji.pl\/index.php?rest_route=\/wp\/v2\/pages\/5","targetHints":{"allow":["GET"]}}],"collection":[{"href":"http:\/\/skalapasji.pl\/index.php?rest_route=\/wp\/v2\/pages"}],"about":[{"href":"http:\/\/skalapasji.pl\/index.php?rest_route=\/wp\/v2\/types\/page"}],"author":[{"embeddable":true,"href":"http:\/\/skalapasji.pl\/index.php?rest_route=\/wp\/v2\/users\/1"}],"replies":[{"embeddable":true,"href":"http:\/\/skalapasji.pl\/index.php?rest_route=%2Fwp%2Fv2%2Fcomments&post=5"}],"version-history":[{"count":44,"href":"http:\/\/skalapasji.pl\/index.php?rest_route=\/wp\/v2\/pages\/5\/revisions"}],"predecessor-version":[{"id":1116,"href":"http:\/\/skalapasji.pl\/index.php?rest_route=\/wp\/v2\/pages\/5\/revisions\/1116"}],"wp:attachment":[{"href":"http:\/\/skalapasji.pl\/index.php?rest_route=%2Fwp%2Fv2%2Fmedia&parent=5"}],"curies":[{"name":"wp","href":"https:\/\/api.w.org\/{rel}","templated":true}]}}