{"id":561,"date":"2023-10-03T12:47:27","date_gmt":"2023-10-03T10:47:27","guid":{"rendered":"http:\/\/skalapasji.pl\/?page_id=561"},"modified":"2023-10-03T12:47:27","modified_gmt":"2023-10-03T10:47:27","slug":"2022-2","status":"publish","type":"page","link":"http:\/\/skalapasji.pl\/?page_id=561","title":{"rendered":"2022"},"content":{"rendered":"<p>[vc_row css_animation=&#8221;&#8221; row_type=&#8221;row&#8221; use_row_as_full_screen_section=&#8221;no&#8221; type=&#8221;grid&#8221; angled_section=&#8221;no&#8221; text_align=&#8221;center&#8221; background_image_as_pattern=&#8221;without_pattern&#8221; padding_bottom=&#8221;28&#8243; z_index=&#8221;&#8221; el_class=&#8221;qode-video-row&#8221; css=&#8221;.vc_custom_1522241574028{background-image: url(http:\/\/bridge204.qodeinteractive.com\/wp-content\/uploads\/2018\/03\/about-background-2-2.png?id=183) !important;background-position: center !important;background-repeat: no-repeat !important;background-size: cover !important;}&#8221;][vc_column css=&#8221;.vc_custom_1522233677636{margin-top: -3% !important;}&#8221;][qode_elements_holder number_of_columns=&#8221;one_column&#8221;][qode_elements_holder_item advanced_animations=&#8221;no&#8221; item_padding=&#8221;0 0 0 0&#8243; item_padding_600_768=&#8221;40px 0 0 0&#8243; item_padding_480_600=&#8221;40px 0 0 0&#8243; item_padding_480=&#8221;40px 0 0 0&#8243;][vc_empty_space height=&#8221;1px&#8221;][\/qode_elements_holder_item][\/qode_elements_holder][vc_empty_space height=&#8221;99px&#8221;][qode_elements_holder number_of_columns=&#8221;one_column&#8221;][qode_elements_holder_item advanced_animations=&#8221;no&#8221; item_padding=&#8221;0 18% 0 18%&#8221; item_padding_600_768=&#8221;0 0% 0 0%&#8221; item_padding_480_600=&#8221;0 0% 0 0%&#8221; item_padding_480=&#8221;0 0% 0 0%&#8221;][vc_column_text]<\/p>\n<p style=\"text-align: left;\"><strong>Za nami bardzo udana realizacja dziesi\u0105tej, jubileuszowej edycji Festiwal Muzyki Improwizowanej.<\/strong><\/p>\n<p>&nbsp;<\/p>\n<p style=\"text-align: left;\">Rewelacyjne warsztaty z mistrzami, koncerty, a w szczeg\u00f3lno\u015bci ten fina\u0142owy, na scenie Kina Sok\u00f3\u0142 w Trzebini.<\/p>\n<p style=\"text-align: left;\">Wielkim akcentem ko\u0144cz\u0105cym ca\u0142y festiwal by\u0142 koncert fina\u0142owy z udzia\u0142em wyk\u0142adowc\u00f3w i uczestnik\u00f3w warsztat\u00f3w. C\u00f3\u017c to by\u0142 za wiecz\u00f3r. Pe\u0142en doskona\u0142ej muzyki i niezwyk\u0142ych emocji, kt\u00f3re towarzyszy\u0142y koncertowi.<\/p>\n<p style=\"text-align: left;\">W sk\u0142adzie big bandu, kt\u00f3ry poprowadzi\u0142 Jerzy Suru\u0142o pojawi\u0142y si\u0119 takie tuzy jak Jerzy G\u0142\u00f3wczewski, Piotr Domaga\u0142a, Maciej Fortuna, Frank Parker, Piotr Kalicki, Wojciech Szwungier, Ryszard Pa\u0142ka oraz cudowna m\u0142odzie\u017c z Krzeszowic i Trzebini.<\/p>\n<p style=\"text-align: left;\">Zacz\u0119\u0142o si\u0119 \u2026 od Bacha. Od utworu z repertuaru Zbigniewa Wodeckiego, kt\u00f3ry wykona\u0142 Piotr Sk\u00f3ra . Potem by\u0142o ju\u017c tylko \u2026 \u201e\u015bpiewaj\u0105co\u201d. W sensie dos\u0142ownym i przeno\u015bnym. Za\u015bpiewa\u0142y Magdalena Suru\u0142o, Anna Suru\u0142o. I tak napi\u0119cie narasta\u0142o, a\u017c pa\u0142eczk\u0119 wokaln\u0105 przej\u0105\u0142 Janusz Szrom, kt\u00f3ry za\u015bpiewa\u0142, w rewelacyjnych interpretacjach, utwory z repertuaru Andrzeja Zauchy, ale tak\u017ce \u2026 poprowadzi\u0142 aukcj\u0119 obrazu autorstwa krakowskiej artystki Maggie PIU gallery.<br \/>\nObraz zosta\u0142 przekazany w darze organizatorom, by dzi\u0119ki aukcji zdoby\u0107 \u015brodki na organizacj\u0119 XI Festiwalu Muzyki Improwizowanej Krzeszowice 2023. I ju\u017c wiemy, \u017ce w 2023 roku si\u0119 spotkamy. Dzi\u0119kujemy Pani Justyno i gratulujemy nabycia tak wspania\u0142ego dzie\u0142a.<\/p>\n<p>&nbsp;<\/p>\n<p style=\"text-align: left;\">Z ca\u0142ego serca dzi\u0119kujemy wszystkim uczestnikom, wyk\u0142adowcom, darczy\u0144com, patronom, sympatykom, a nade wszystko wspania\u0142ej krzeszowickiej i trzebi\u0144skiej publiczno\u015bci. Razem stworzyli\u015bmy pi\u0119kne \u015bwi\u0119to muzyki improwizowanej.<\/p>\n<p>&nbsp;<\/p>\n<p style=\"text-align: left;\">Dzi\u0119kujemy za Wasz\u0105 obecno\u015b\u0107, wsparcie i ciep\u0142e s\u0142owa. Dzi\u0119kujemy wszystkim, kt\u00f3rzy przyczynili si\u0119 do naszego tegorocznego jubileuszu: partnerom, sponsorom, artystom i ludziom dobrego serca.<br \/>\nI do zobaczenia w przysz\u0142ym roku.<\/p>\n<p>[\/vc_column_text][vc_empty_space height=&#8221;60 px&#8221;][vc_text_separator title=&#8221;Pobierz bezp\u0142atn\u0105 wersj\u0119 katalogu. Format &#8211; PDF. Rozmiar &#8211; 5 MB&#8221; css_animation=&#8221;bounceIn&#8221; border=&#8221;no&#8221;][vc_single_image image=&#8221;514&#8243; img_size=&#8221;medium&#8221; alignment=&#8221;center&#8221; onclick=&#8221;custom_link&#8221; img_link_target=&#8221;_blank&#8221; qode_css_animation=&#8221;element_from_left&#8221; qode_hover_animation=&#8221;zoom_in&#8221; link=&#8221;http:\/\/skalapasji.pl\/wp-content\/uploads\/2023\/02\/X-Jubileuszowy-Festiwal-Muzyki-Improwizowanej.pdf&#8221;][\/qode_elements_holder_item][\/qode_elements_holder][vc_empty_space height=&#8221;55px&#8221;][\/vc_column][\/vc_row]<\/p>\n","protected":false},"excerpt":{"rendered":"<p>[vc_row css_animation=&#8221;&#8221; row_type=&#8221;row&#8221; use_row_as_full_screen_section=&#8221;no&#8221; type=&#8221;grid&#8221; angled_section=&#8221;no&#8221; text_align=&#8221;center&#8221; background_image_as_pattern=&#8221;without_pattern&#8221; padding_bottom=&#8221;28&#8243; z_index=&#8221;&#8221; el_class=&#8221;qode-video-row&#8221; css=&#8221;.vc_custom_1522241574028{background-image: url(http:\/\/bridge204.qodeinteractive.com\/wp-content\/uploads\/2018\/03\/about-background-2-2.png?id=183) !important;background-position: center !important;background-repeat: no-repeat !important;background-size: cover !important;}&#8221;][vc_column css=&#8221;.vc_custom_1522233677636{margin-top: -3% !important;}&#8221;][qode_elements_holder number_of_columns=&#8221;one_column&#8221;][qode_elements_holder_item advanced_animations=&#8221;no&#8221; item_padding=&#8221;0 0 0 0&#8243; item_padding_600_768=&#8221;40px 0 0 0&#8243; item_padding_480_600=&#8221;40px 0 0 0&#8243; item_padding_480=&#8221;40px 0 0 0&#8243;][vc_empty_space height=&#8221;1px&#8221;][\/qode_elements_holder_item][\/qode_elements_holder][vc_empty_space height=&#8221;99px&#8221;][qode_elements_holder number_of_columns=&#8221;one_column&#8221;][qode_elements_holder_item advanced_animations=&#8221;no&#8221;&#8230;<\/p>\n","protected":false},"author":1,"featured_media":0,"parent":0,"menu_order":0,"comment_status":"closed","ping_status":"closed","template":"full_width.php","meta":{"footnotes":""},"class_list":["post-561","page","type-page","status-publish","hentry"],"_links":{"self":[{"href":"http:\/\/skalapasji.pl\/index.php?rest_route=\/wp\/v2\/pages\/561","targetHints":{"allow":["GET"]}}],"collection":[{"href":"http:\/\/skalapasji.pl\/index.php?rest_route=\/wp\/v2\/pages"}],"about":[{"href":"http:\/\/skalapasji.pl\/index.php?rest_route=\/wp\/v2\/types\/page"}],"author":[{"embeddable":true,"href":"http:\/\/skalapasji.pl\/index.php?rest_route=\/wp\/v2\/users\/1"}],"replies":[{"embeddable":true,"href":"http:\/\/skalapasji.pl\/index.php?rest_route=%2Fwp%2Fv2%2Fcomments&post=561"}],"version-history":[{"count":1,"href":"http:\/\/skalapasji.pl\/index.php?rest_route=\/wp\/v2\/pages\/561\/revisions"}],"predecessor-version":[{"id":562,"href":"http:\/\/skalapasji.pl\/index.php?rest_route=\/wp\/v2\/pages\/561\/revisions\/562"}],"wp:attachment":[{"href":"http:\/\/skalapasji.pl\/index.php?rest_route=%2Fwp%2Fv2%2Fmedia&parent=561"}],"curies":[{"name":"wp","href":"https:\/\/api.w.org\/{rel}","templated":true}]}}