{"id":592,"date":"2023-12-04T11:36:17","date_gmt":"2023-12-04T10:36:17","guid":{"rendered":"http:\/\/skalapasji.pl\/?page_id=592"},"modified":"2026-03-23T12:26:01","modified_gmt":"2026-03-23T11:26:01","slug":"zapisy","status":"publish","type":"page","link":"http:\/\/skalapasji.pl\/?page_id=592","title":{"rendered":"KONKURS MUZYKI POPULARNEJ I ROZRYWKOWEJ MAM PASJ\u0118"},"content":{"rendered":"<p>[vc_row css_animation=&#8221;&#8221; row_type=&#8221;row&#8221; use_row_as_full_screen_section=&#8221;no&#8221; type=&#8221;grid&#8221; angled_section=&#8221;no&#8221; text_align=&#8221;center&#8221; background_image_as_pattern=&#8221;without_pattern&#8221; padding_bottom=&#8221;28&#8243; z_index=&#8221;&#8221; el_class=&#8221;qode-video-row&#8221; css=&#8221;.vc_custom_1522241574028{background-image: url(http:\/\/bridge204.qodeinteractive.com\/wp-content\/uploads\/2018\/03\/about-background-2-2.png?id=183) !important;background-position: center !important;background-repeat: no-repeat !important;background-size: cover !important;}&#8221;][vc_column css=&#8221;.vc_custom_1522233677636{margin-top: -3% !important;}&#8221;][qode_elements_holder number_of_columns=&#8221;one_column&#8221;][qode_elements_holder_item advanced_animations=&#8221;no&#8221; item_padding=&#8221;0 0 0 0&#8243; item_padding_600_768=&#8221;40px 0 0 0&#8243; item_padding_480_600=&#8221;40px 0 0 0&#8243; item_padding_480=&#8221;40px 0 0 0&#8243;][vc_empty_space height=&#8221;1px&#8221;][\/qode_elements_holder_item][\/qode_elements_holder][\/vc_column][\/vc_row][vc_row css_animation=&#8221;&#8221; row_type=&#8221;row&#8221; use_row_as_full_screen_section=&#8221;no&#8221; type=&#8221;full_width&#8221; angled_section=&#8221;no&#8221; text_align=&#8221;left&#8221; background_image_as_pattern=&#8221;without_pattern&#8221;][vc_column][\/vc_column][\/vc_row][vc_row css_animation=&#8221;&#8221; row_type=&#8221;row&#8221; use_row_as_full_screen_section=&#8221;no&#8221; type=&#8221;grid&#8221; angled_section=&#8221;no&#8221; text_align=&#8221;center&#8221; background_image_as_pattern=&#8221;without_pattern&#8221; padding_bottom=&#8221;28&#8243; z_index=&#8221;&#8221; el_class=&#8221;qode-video-row&#8221; css=&#8221;.vc_custom_1522241574028{background-image: url(http:\/\/bridge204.qodeinteractive.com\/wp-content\/uploads\/2018\/03\/about-background-2-2.png?id=183) !important;background-position: center !important;background-repeat: no-repeat !important;background-size: cover !important;}&#8221;][vc_column css=&#8221;.vc_custom_1522233677636{margin-top: -3% !important;}&#8221;][qode_elements_holder number_of_columns=&#8221;one_column&#8221;][qode_elements_holder_item advanced_animations=&#8221;no&#8221; item_padding=&#8221;0 0 0 0&#8243; item_padding_600_768=&#8221;40px 0 0 0&#8243; item_padding_480_600=&#8221;40px 0 0 0&#8243; item_padding_480=&#8221;40px 0 0 0&#8243;][vc_empty_space height=&#8221;1px&#8221;][\/qode_elements_holder_item][\/qode_elements_holder][vc_empty_space height=&#8221;69px&#8221;][qode_elements_holder number_of_columns=&#8221;one_column&#8221;][qode_elements_holder_item advanced_animations=&#8221;no&#8221; item_padding=&#8221;0 18% 0 18%&#8221; item_padding_600_768=&#8221;0 0% 0 0%&#8221; item_padding_480_600=&#8221;0 0% 0 0%&#8221; item_padding_480=&#8221;0 0% 0 0%&#8221;][vc_column_text]<\/p>\n<h3 style=\"text-align: center;\">XVIII KONKURS MUZYKI POPULARNEJ I ROZRYWKOWEJ<br \/>\nMam pasj\u0119<\/h3>\n<p style=\"text-align: left;\">Fundacja Skala Pasji oraz Pa\u0144stwowa Szko\u0142a Muzyczna I st. im. Zygmunta Noskowskiego w Krzeszowicach serdecznie zaprasza do udzia\u0142u w bezp\u0142atnym XVIII Konkursie Muzyki Popularnej i Rozrywkowej <strong>Mam pasj\u0119<\/strong>.<\/p>\n<p style=\"text-align: left;\">Konkurs przeznaczony jest dla nieprofesjonalnych artyst\u00f3w.<\/p>\n<h2 style=\"text-align: center;\"><\/h2>\n<p>[\/vc_column_text][\/qode_elements_holder_item][\/qode_elements_holder][vc_empty_space height=&#8221;55px&#8221;]<a  itemprop=\"url\" href=\"https:\/\/forms.gle\/6pBZFe2KotsFXfV67\" target=\"_blank\"  class=\"qbutton  medium default\" style=\"\">Formularz zg\u0142oszeniowy<\/a>[vc_empty_space height=&#8221;55px&#8221;][vc_empty_space height=&#8221;55px&#8221;][vc_column_text]<\/p>\n<h3 style=\"text-align: center;\">Dokumenty do pobrania:<\/h3>\n<p>&nbsp;<\/p>\n<p>&nbsp;<\/p>\n<p><span style=\"color: #ffffff;\"><a style=\"color: #ffffff;\" href=\"http:\/\/skalapasji.pl\/wp-content\/uploads\/2026\/03\/oswiadczenie-rodo-RodzicXVIII.pdf\" target=\"_blank\" rel=\"noopener\">O\u015bwiadczenie RODO dla rodzic\u00f3w &#8211; format PDF<\/a><\/span><\/p>\n<p>&nbsp;<\/p>\n<p>&nbsp;<\/p>\n<p><span style=\"color: #ffffff;\"><a style=\"color: #ffffff;\" href=\"http:\/\/skalapasji.pl\/wp-content\/uploads\/2026\/03\/Oswiadczenie-RODO-dorosli.pdf\" target=\"_blank\" rel=\"noopener\">O\u015bwiadczenie RODO dla os\u00f3b doros\u0142ych\u00a0 &#8211; format PDF<\/a><\/span><\/p>\n<p>&nbsp;<\/p>\n<p><span style=\"color: #ffffff;\"><a style=\"color: #ffffff;\" href=\"http:\/\/skalapasji.pl\/wp-content\/uploads\/2026\/03\/regulamin-XVIII-KONKURS-MUZYKI-POPULARNEJ-I-ROZRYWKOWEJ.pdf\" target=\"_blank\" rel=\"noopener\">Regulamin XVIII konkursu Muzyki Popularnej i Rozrywkowej \u201eMam Pasj\u0119!&#8221;<\/a><\/span>[\/vc_column_text][vc_empty_space height=&#8221;55px&#8221;][\/vc_column][\/vc_row]<\/p>\n","protected":false},"excerpt":{"rendered":"<p>[vc_row css_animation=&#8221;&#8221; row_type=&#8221;row&#8221; use_row_as_full_screen_section=&#8221;no&#8221; type=&#8221;grid&#8221; angled_section=&#8221;no&#8221; text_align=&#8221;center&#8221; background_image_as_pattern=&#8221;without_pattern&#8221; padding_bottom=&#8221;28&#8243; z_index=&#8221;&#8221; el_class=&#8221;qode-video-row&#8221; css=&#8221;.vc_custom_1522241574028{background-image: url(http:\/\/bridge204.qodeinteractive.com\/wp-content\/uploads\/2018\/03\/about-background-2-2.png?id=183) !important;background-position: center !important;background-repeat: no-repeat !important;background-size: cover !important;}&#8221;][vc_column css=&#8221;.vc_custom_1522233677636{margin-top: -3% !important;}&#8221;][qode_elements_holder number_of_columns=&#8221;one_column&#8221;][qode_elements_holder_item advanced_animations=&#8221;no&#8221; item_padding=&#8221;0 0 0 0&#8243; item_padding_600_768=&#8221;40px 0 0 0&#8243; item_padding_480_600=&#8221;40px 0 0 0&#8243; item_padding_480=&#8221;40px 0 0 0&#8243;][vc_empty_space height=&#8221;1px&#8221;][\/qode_elements_holder_item][\/qode_elements_holder][\/vc_column][\/vc_row][vc_row css_animation=&#8221;&#8221; row_type=&#8221;row&#8221; use_row_as_full_screen_section=&#8221;no&#8221;&#8230;<\/p>\n","protected":false},"author":1,"featured_media":0,"parent":0,"menu_order":0,"comment_status":"closed","ping_status":"closed","template":"full_width.php","meta":{"footnotes":""},"class_list":["post-592","page","type-page","status-publish","hentry"],"_links":{"self":[{"href":"http:\/\/skalapasji.pl\/index.php?rest_route=\/wp\/v2\/pages\/592","targetHints":{"allow":["GET"]}}],"collection":[{"href":"http:\/\/skalapasji.pl\/index.php?rest_route=\/wp\/v2\/pages"}],"about":[{"href":"http:\/\/skalapasji.pl\/index.php?rest_route=\/wp\/v2\/types\/page"}],"author":[{"embeddable":true,"href":"http:\/\/skalapasji.pl\/index.php?rest_route=\/wp\/v2\/users\/1"}],"replies":[{"embeddable":true,"href":"http:\/\/skalapasji.pl\/index.php?rest_route=%2Fwp%2Fv2%2Fcomments&post=592"}],"version-history":[{"count":35,"href":"http:\/\/skalapasji.pl\/index.php?rest_route=\/wp\/v2\/pages\/592\/revisions"}],"predecessor-version":[{"id":1118,"href":"http:\/\/skalapasji.pl\/index.php?rest_route=\/wp\/v2\/pages\/592\/revisions\/1118"}],"wp:attachment":[{"href":"http:\/\/skalapasji.pl\/index.php?rest_route=%2Fwp%2Fv2%2Fmedia&parent=592"}],"curies":[{"name":"wp","href":"https:\/\/api.w.org\/{rel}","templated":true}]}}